{"id":743,"date":"2025-04-25T10:52:26","date_gmt":"2025-04-25T13:52:26","guid":{"rendered":"https:\/\/canaldoseuneto.com.br\/?page_id=743"},"modified":"2025-05-16T09:32:56","modified_gmt":"2025-05-16T12:32:56","slug":"home","status":"publish","type":"page","link":"https:\/\/canaldoseuneto.com.br\/","title":{"rendered":"Home"},"content":{"rendered":"\t\t<div data-elementor-type=\"wp-page\" data-elementor-id=\"743\" class=\"elementor elementor-743\">\n\t\t\t\t<div class=\"elementor-element elementor-element-282c314 e-flex e-con-boxed e-con e-parent\" data-id=\"282c314\" data-element_type=\"container\" data-e-type=\"container\">\n\t\t\t\t\t<div class=\"e-con-inner\">\n\t\t\t\t<div class=\"elementor-element elementor-element-9d0246e elementor-widget elementor-widget-image\" data-id=\"9d0246e\" data-element_type=\"widget\" data-e-type=\"widget\" data-widget_type=\"image.default\">\n\t\t\t\t\t\t\t\t\t\t\t\t\t\t\t<img fetchpriority=\"high\" decoding=\"async\" width=\"500\" height=\"500\" src=\"https:\/\/canaldoseuneto.com.br\/wp-content\/uploads\/2024\/01\/canaldoseuneto-logo.fw-removebg-preview.png\" class=\"attachment-large size-large wp-image-711\" alt=\"Canal do Seu Neto\" \/>\t\t\t\t\t\t\t\t\t\t\t\t\t\t\t<\/div>\n\t\t\t\t<div class=\"elementor-element elementor-element-39cf363 elementor-widget elementor-widget-heading\" data-id=\"39cf363\" data-element_type=\"widget\" data-e-type=\"widget\" data-widget_type=\"heading.default\">\n\t\t\t\t\t<h1 class=\"elementor-heading-title elementor-size-default\">Canal do Seu Neto<\/h1>\t\t\t\t<\/div>\n\t\t\t\t\t<\/div>\n\t\t\t\t<\/div>\n\t\t<div class=\"elementor-element elementor-element-6d13a93 e-flex e-con-boxed e-con e-parent\" data-id=\"6d13a93\" data-element_type=\"container\" data-e-type=\"container\">\n\t\t\t\t\t<div class=\"e-con-inner\">\n\t\t\t\t<div class=\"elementor-element elementor-element-c3dfbac elementor-widget-divider--view-line elementor-widget elementor-widget-divider\" data-id=\"c3dfbac\" data-element_type=\"widget\" data-e-type=\"widget\" data-widget_type=\"divider.default\">\n\t\t\t\t\t\t\t<div class=\"elementor-divider\">\n\t\t\t<span class=\"elementor-divider-separator\">\n\t\t\t\t\t\t<\/span>\n\t\t<\/div>\n\t\t\t\t\t\t<\/div>\n\t\t\t\t\t<\/div>\n\t\t\t\t<\/div>\n\t\t<div class=\"elementor-element elementor-element-ab11578 e-flex e-con-boxed e-con e-parent\" data-id=\"ab11578\" data-element_type=\"container\" data-e-type=\"container\">\n\t\t\t\t\t<div class=\"e-con-inner\">\n\t\t<div class=\"elementor-element elementor-element-31cf3e9 e-con-full e-flex e-con e-child\" data-id=\"31cf3e9\" data-element_type=\"container\" data-e-type=\"container\">\n\t\t\t\t<div class=\"elementor-element elementor-element-2fd5c27 elementor-widget elementor-widget-image\" data-id=\"2fd5c27\" data-element_type=\"widget\" data-e-type=\"widget\" data-widget_type=\"image.default\">\n\t\t\t\t\t\t\t\t\t\t\t\t\t\t\t\t<a href=\"https:\/\/hotmart.com\/pt-br\/marketplace\/produtos\/fala-que-ele-faz-guia-pratico-para-idosos-usarem-o-celular-com-a-voz\/R99401348B\" target=\"_blank\" rel=\"noopener\">\n\t\t\t\t\t\t\t<img decoding=\"async\" width=\"800\" height=\"800\" src=\"https:\/\/canaldoseuneto.com.br\/wp-content\/uploads\/2025\/04\/Ebook-Fala-que-ele-faz-1200-x-1200-px-1024x1024.png\" class=\"attachment-large size-large wp-image-747\" alt=\"ebook - Fala que ele faz\" srcset=\"https:\/\/canaldoseuneto.com.br\/wp-content\/uploads\/2025\/04\/Ebook-Fala-que-ele-faz-1200-x-1200-px-1024x1024.png 1024w, https:\/\/canaldoseuneto.com.br\/wp-content\/uploads\/2025\/04\/Ebook-Fala-que-ele-faz-1200-x-1200-px-300x300.png 300w, https:\/\/canaldoseuneto.com.br\/wp-content\/uploads\/2025\/04\/Ebook-Fala-que-ele-faz-1200-x-1200-px-150x150.png 150w, https:\/\/canaldoseuneto.com.br\/wp-content\/uploads\/2025\/04\/Ebook-Fala-que-ele-faz-1200-x-1200-px-768x768.png 768w, https:\/\/canaldoseuneto.com.br\/wp-content\/uploads\/2025\/04\/Ebook-Fala-que-ele-faz-1200-x-1200-px.png 1200w\" sizes=\"(max-width: 800px) 100vw, 800px\" \/>\t\t\t\t\t\t\t\t<\/a>\n\t\t\t\t\t\t\t\t\t\t\t\t\t\t\t<\/div>\n\t\t\t\t<div class=\"elementor-element elementor-element-bb0f2aa elementor-align-justify elementor-widget elementor-widget-button\" data-id=\"bb0f2aa\" data-element_type=\"widget\" data-e-type=\"widget\" data-widget_type=\"button.default\">\n\t\t\t\t\t\t\t\t\t\t<a class=\"elementor-button elementor-button-link elementor-size-sm\" href=\"https:\/\/hotmart.com\/pt-br\/marketplace\/produtos\/fala-que-ele-faz-guia-pratico-para-idosos-usarem-o-celular-com-a-voz\/R99401348B\" target=\"_blank\" rel=\"noopener\">\n\t\t\t\t\t\t<span class=\"elementor-button-content-wrapper\">\n\t\t\t\t\t\t\t\t\t<span class=\"elementor-button-text\">Compre agora por apenas R$ 19,99<\/span>\n\t\t\t\t\t<\/span>\n\t\t\t\t\t<\/a>\n\t\t\t\t\t\t\t\t<\/div>\n\t\t\t\t<\/div>\n\t\t\t\t<div class=\"elementor-element elementor-element-aa1ad33 elementor-widget elementor-widget-text-editor\" data-id=\"aa1ad33\" data-element_type=\"widget\" data-e-type=\"widget\" data-widget_type=\"text-editor.default\">\n\t\t\t\t\t\t\t\t\t<h2>Fala que ele faz &#8211; Guia pr\u00e1tico para Idosos usarem o celular com a voz<\/h2><p class=\"_mb-5\" role=\"paragraph\">Uma cole\u00e7\u00e3o pr\u00e1tica do Canal do Seu Neto para deixar a tecnologia mais simples e \u00fatil para voc\u00ea!<\/p><p class=\"_mb-5\" role=\"paragraph\">Voc\u00ea sabia que \u00e9 poss\u00edvel usar o celular apenas com a voz?<\/p><p class=\"_mb-5\" role=\"paragraph\">Com o eBook \u201cFala que Ele Faz \u2013 Guia pr\u00e1tico para Idosos usarem o celular com a voz\u201d, voc\u00ea (ou algu\u00e9m que voc\u00ea ama) vai aprender de forma simples e passo a passo como usar o Google Assistente (no Android) ou a Siri (no iPhone) para:<\/p><p class=\"_mb-5\" role=\"paragraph\">\u2705 Fazer liga\u00e7\u00f5es sem tocar na tela<\/p><p class=\"_mb-5\" role=\"paragraph\">\u2705 Pedir a hora ou previs\u00e3o do tempo<\/p><p class=\"_mb-5\" role=\"paragraph\">\u2705 Criar lembretes, alarmes e anota\u00e7\u00f5es<\/p><p class=\"_mb-5\" role=\"paragraph\">\u2705 Enviar mensagens com a voz<\/p><p class=\"_mb-5\" role=\"paragraph\">\u2705 Abrir aplicativos com um simples comando<\/p><p class=\"_mb-5\" role=\"paragraph\">\u2705 E muito mais!<\/p><p class=\"_mb-5\" role=\"paragraph\">Feito especialmente para o p\u00fablico da melhor idade, com linguagem acess\u00edvel, explica\u00e7\u00f5es ilustradas e um tom acolhedor, como uma conversa com um neto com o av\u00f4 ou av\u00f3.<\/p><p class=\"_mb-5\" role=\"paragraph\">Ideal para quem quer mais independ\u00eancia com o celular, mesmo sem saber muito de tecnologia. Voc\u00ea poder\u00e1 acessar ele pelo dispositivo ou imprimir e dar de presente para quem voc\u00ea sabe que vai ser \u00fatil.<\/p><p class=\"_mb-5\" role=\"paragraph\">Ahhh&#8230; alguns desses comandos tamb\u00e9m pode ser usados para quem Amazon Alexa. \u00c9 muito \u00fatil!<\/p><p class=\"_mb-5\" role=\"paragraph\">\ud83d\udcf1 Fale, que o celular faz!<\/p><p class=\"_mb-5\" role=\"paragraph\">\ud83d\udca1 Tecnologia ao alcance da sua voz.<\/p>\t\t\t\t\t\t\t\t<\/div>\n\t\t\t\t\t<\/div>\n\t\t\t\t<\/div>\n\t\t<div class=\"elementor-element elementor-element-b941ad9 e-flex e-con-boxed e-con e-parent\" data-id=\"b941ad9\" data-element_type=\"container\" data-e-type=\"container\">\n\t\t\t\t\t<div class=\"e-con-inner\">\n\t\t\t\t<div class=\"elementor-element elementor-element-4fa1a5b elementor-widget-divider--view-line elementor-widget elementor-widget-divider\" data-id=\"4fa1a5b\" data-element_type=\"widget\" data-e-type=\"widget\" data-widget_type=\"divider.default\">\n\t\t\t\t\t\t\t<div class=\"elementor-divider\">\n\t\t\t<span class=\"elementor-divider-separator\">\n\t\t\t\t\t\t<\/span>\n\t\t<\/div>\n\t\t\t\t\t\t<\/div>\n\t\t\t\t\t<\/div>\n\t\t\t\t<\/div>\n\t\t<div class=\"elementor-element elementor-element-1a48265 e-flex e-con-boxed e-con e-parent\" data-id=\"1a48265\" data-element_type=\"container\" data-e-type=\"container\">\n\t\t\t\t\t<div class=\"e-con-inner\">\n\t\t\t\t<div class=\"elementor-element elementor-element-aa16008 elementor-widget elementor-widget-heading\" data-id=\"aa16008\" data-element_type=\"widget\" data-e-type=\"widget\" data-widget_type=\"heading.default\">\n\t\t\t\t\t<h2 class=\"elementor-heading-title elementor-size-default\">V\u00eddeo mais novo do canal<\/h2>\t\t\t\t<\/div>\n\t\t\t\t<div class=\"elementor-element elementor-element-ca3092e elementor-widget elementor-widget-video\" data-id=\"ca3092e\" data-element_type=\"widget\" data-e-type=\"widget\" data-settings=\"{&quot;youtube_url&quot;:&quot;https:\\\/\\\/youtu.be\\\/mycALXxkxV4&quot;,&quot;cc_load_policy&quot;:&quot;yes&quot;,&quot;lazy_load&quot;:&quot;yes&quot;,&quot;video_type&quot;:&quot;youtube&quot;,&quot;controls&quot;:&quot;yes&quot;}\" data-widget_type=\"video.default\">\n\t\t\t\t\t\t\t<div class=\"elementor-wrapper elementor-open-inline\">\n\t\t\t<div class=\"elementor-video\"><\/div>\t\t<\/div>\n\t\t\t\t\t\t<\/div>\n\t\t\t\t<div class=\"elementor-element elementor-element-3d39a77 elementor-align-justify elementor-widget elementor-widget-button\" data-id=\"3d39a77\" data-element_type=\"widget\" data-e-type=\"widget\" data-widget_type=\"button.default\">\n\t\t\t\t\t\t\t\t\t\t<a class=\"elementor-button elementor-button-link elementor-size-sm\" href=\"https:\/\/www.youtube.com\/channel\/UClbaHigQSbVAGPXAO5jvSOA\" target=\"_blank\" rel=\"noopener\">\n\t\t\t\t\t\t<span class=\"elementor-button-content-wrapper\">\n\t\t\t\t\t\t<span class=\"elementor-button-icon\">\n\t\t\t\t<svg aria-hidden=\"true\" class=\"e-font-icon-svg e-fab-youtube\" viewBox=\"0 0 576 512\" xmlns=\"http:\/\/www.w3.org\/2000\/svg\"><path d=\"M549.655 124.083c-6.281-23.65-24.787-42.276-48.284-48.597C458.781 64 288 64 288 64S117.22 64 74.629 75.486c-23.497 6.322-42.003 24.947-48.284 48.597-11.412 42.867-11.412 132.305-11.412 132.305s0 89.438 11.412 132.305c6.281 23.65 24.787 41.5 48.284 47.821C117.22 448 288 448 288 448s170.78 0 213.371-11.486c23.497-6.321 42.003-24.171 48.284-47.821 11.412-42.867 11.412-132.305 11.412-132.305s0-89.438-11.412-132.305zm-317.51 213.508V175.185l142.739 81.205-142.739 81.201z\"><\/path><\/svg>\t\t\t<\/span>\n\t\t\t\t\t\t\t\t\t<span class=\"elementor-button-text\">Inscreva-se no canal<\/span>\n\t\t\t\t\t<\/span>\n\t\t\t\t\t<\/a>\n\t\t\t\t\t\t\t\t<\/div>\n\t\t\t\t\t<\/div>\n\t\t\t\t<\/div>\n\t\t<div class=\"elementor-element elementor-element-3ab9f7b e-flex e-con-boxed e-con e-parent\" data-id=\"3ab9f7b\" data-element_type=\"container\" data-e-type=\"container\">\n\t\t\t\t\t<div class=\"e-con-inner\">\n\t\t\t\t<div class=\"elementor-element elementor-element-b301b6b elementor-widget-divider--view-line elementor-widget elementor-widget-divider\" data-id=\"b301b6b\" data-element_type=\"widget\" data-e-type=\"widget\" data-widget_type=\"divider.default\">\n\t\t\t\t\t\t\t<div class=\"elementor-divider\">\n\t\t\t<span class=\"elementor-divider-separator\">\n\t\t\t\t\t\t<\/span>\n\t\t<\/div>\n\t\t\t\t\t\t<\/div>\n\t\t\t\t\t<\/div>\n\t\t\t\t<\/div>\n\t\t<div class=\"elementor-element elementor-element-fd70d4e e-flex e-con-boxed e-con e-parent\" data-id=\"fd70d4e\" data-element_type=\"container\" data-e-type=\"container\">\n\t\t\t\t\t<div class=\"e-con-inner\">\n\t\t\t\t<div class=\"elementor-element elementor-element-728dbf7 elementor-widget elementor-widget-text-editor\" data-id=\"728dbf7\" data-element_type=\"widget\" data-e-type=\"widget\" data-widget_type=\"text-editor.default\">\n\t\t\t\t\t\t\t\t\t<h2 class=\"\" data-start=\"288\" data-end=\"343\">Aprenda a usar o celular e a internet com facilidade<\/h2><p class=\"\" data-start=\"345\" data-end=\"464\"><span class=\"relative -mx-px my-[-0.2rem] rounded px-px py-[0.2rem] transition-colors duration-100 ease-in-out\">O <strong>Canal do Seu Neto<\/strong> \u00e9 um espa\u00e7o dedicado a ajudar pessoas da terceira idade a se conectarem com o mundo digital de forma simples e pr\u00e1tica.<\/span> <span class=\"relative -mx-px my-[-0.2rem] rounded px-px py-[0.2rem] transition-colors duration-100 ease-in-out\">Criado por <strong>Renie Gomes<\/strong>, o canal oferece tutoriais passo a passo sobre como utilizar smartphones, aplicativos e outras ferramentas tecnol\u00f3gicas essenciais no dia a dia.<\/span><\/p><h3 data-start=\"466\" data-end=\"511\">Por que o Canal do Seu Neto \u00e9 importante?<\/h3><p class=\"\" data-start=\"513\" data-end=\"632\"><span class=\"relative -mx-px my-[-0.2rem] rounded px-px py-[0.2rem] transition-colors duration-100 ease-in-out\">Muitos idosos enfrentam dificuldades ao lidar com novas tecnologias, especialmente quando n\u00e3o t\u00eam familiares por perto para oferecer suporte.<\/span> <span class=\"relative -mx-px my-[-0.2rem] rounded px-px py-[0.2rem] transition-colors duration-100 ease-in-out\">Pensando nisso, o Canal do Seu Neto surgiu como uma solu\u00e7\u00e3o acess\u00edvel e amig\u00e1vel, proporcionando autonomia e inclus\u00e3o digital para a melhor idade.<\/span><\/p><h3 class=\"\" data-start=\"634\" data-end=\"668\">O que voc\u00ea vai encontrar aqui?<\/h3><ul data-start=\"670\" data-end=\"1006\"><li class=\"\" data-start=\"670\" data-end=\"784\"><p class=\"\" data-start=\"672\" data-end=\"784\"><strong data-start=\"672\" data-end=\"699\">Tutoriais passo a passo<\/strong>: <span class=\"relative -mx-px my-[-0.2rem] rounded px-px py-[0.2rem] transition-colors duration-100 ease-in-out\">Aprenda desde o b\u00e1sico, como criar um e-mail, at\u00e9 tarefas mais avan\u00e7adas, como participar de videoconfer\u00eancias.<\/span><\/p><\/li><li class=\"\" data-start=\"786\" data-end=\"893\"><p class=\"\" data-start=\"788\" data-end=\"893\"><strong data-start=\"788\" data-end=\"806\">Dicas pr\u00e1ticas<\/strong>: <span class=\"relative -mx-px my-[-0.2rem] rounded px-px py-[0.2rem] transition-colors duration-100 ease-in-out\">Descubra como utilizar aplicativos populares, como WhatsApp, Shopee, Mercado Livre, Zoom e YouTube e muitos outros, de maneira eficiente e segura.<\/span>\u200b<\/p><\/li><li class=\"\" data-start=\"895\" data-end=\"1006\"><p class=\"\" data-start=\"897\" data-end=\"1006\"><strong data-start=\"897\" data-end=\"919\">Conte\u00fado acess\u00edvel<\/strong>: <span class=\"relative -mx-px my-[-0.2rem] rounded px-px py-[0.2rem] transition-colors duration-100 ease-in-out\">V\u00eddeos com linguagem clara e objetiva, pensados especialmente para quem est\u00e1 come\u00e7ando a explorar o mundo digital.<\/span><\/p><\/li><li data-start=\"895\" data-end=\"1006\">\u00a0<\/li><\/ul><h3>Depoimentos de quem j\u00e1 aprendeu com o Canal do Seu Neto:<\/h3><p>&#8220;Sempre tive medo de mexer no celular, mas com as dicas do Seu Neto, consegui fazer minha primeira videochamada!&#8221; \u2013 Maria. \u200b<\/p><p>&#8220;O canal me ajudou a criar meu e-mail! Obrigado Neto.&#8221; \u2013 Ivo.<\/p><h3 class=\"\" data-start=\"1745\" data-end=\"1776\">Junte-se \u00e0 nossa comunidade<\/h3><p class=\"\" data-start=\"1778\" data-end=\"1903\"><span class=\"relative -mx-px my-[-0.2rem] rounded px-px py-[0.2rem] transition-colors duration-100 ease-in-out\">Se voc\u00ea \u00e9 da melhor idade ou conhece algu\u00e9m que precisa de ajuda para se adaptar \u00e0s novas tecnologias, o <strong>Canal do Seu Neto \u00e9 o lugar certo.<\/strong><\/span> <span class=\"relative -mx-px my-[-0.2rem] rounded px-px py-[0.2rem] transition-colors duration-100 ease-in-out\">Assista aos nossos v\u00eddeos, siga nossas dicas e descubra como a tecnologia pode facilitar e enriquecer sua vida.<\/span><\/p>\t\t\t\t\t\t\t\t<\/div>\n\t\t\t\t<div class=\"elementor-element elementor-element-34320e1 elementor-align-justify elementor-widget elementor-widget-button\" data-id=\"34320e1\" data-element_type=\"widget\" data-e-type=\"widget\" data-widget_type=\"button.default\">\n\t\t\t\t\t\t\t\t\t\t<a class=\"elementor-button elementor-button-link elementor-size-sm\" href=\"https:\/\/www.youtube.com\/channel\/UClbaHigQSbVAGPXAO5jvSOA\" target=\"_blank\" rel=\"noopener\">\n\t\t\t\t\t\t<span class=\"elementor-button-content-wrapper\">\n\t\t\t\t\t\t<span class=\"elementor-button-icon\">\n\t\t\t\t<svg aria-hidden=\"true\" class=\"e-font-icon-svg e-fab-youtube\" viewBox=\"0 0 576 512\" xmlns=\"http:\/\/www.w3.org\/2000\/svg\"><path d=\"M549.655 124.083c-6.281-23.65-24.787-42.276-48.284-48.597C458.781 64 288 64 288 64S117.22 64 74.629 75.486c-23.497 6.322-42.003 24.947-48.284 48.597-11.412 42.867-11.412 132.305-11.412 132.305s0 89.438 11.412 132.305c6.281 23.65 24.787 41.5 48.284 47.821C117.22 448 288 448 288 448s170.78 0 213.371-11.486c23.497-6.321 42.003-24.171 48.284-47.821 11.412-42.867 11.412-132.305 11.412-132.305s0-89.438-11.412-132.305zm-317.51 213.508V175.185l142.739 81.205-142.739 81.201z\"><\/path><\/svg>\t\t\t<\/span>\n\t\t\t\t\t\t\t\t\t<span class=\"elementor-button-text\">Inscreva-se no canal<\/span>\n\t\t\t\t\t<\/span>\n\t\t\t\t\t<\/a>\n\t\t\t\t\t\t\t\t<\/div>\n\t\t\t\t\t<\/div>\n\t\t\t\t<\/div>\n\t\t<div class=\"elementor-element elementor-element-585d9d0 e-flex e-con-boxed e-con e-parent\" data-id=\"585d9d0\" data-element_type=\"container\" data-e-type=\"container\">\n\t\t\t\t\t<div class=\"e-con-inner\">\n\t\t\t\t<div class=\"elementor-element elementor-element-1e6ef41 elementor-widget elementor-widget-heading\" data-id=\"1e6ef41\" data-element_type=\"widget\" data-e-type=\"widget\" data-widget_type=\"heading.default\">\n\t\t\t\t\t<h2 class=\"elementor-heading-title elementor-size-default\">Este site apresenta an\u00fancios autom\u00e1ticos do Google. N\u00e3o nos responsabilizamos pelo conte\u00fado dos an\u00fancios.<\/h2>\t\t\t\t<\/div>\n\t\t\t\t\t<\/div>\n\t\t\t\t<\/div>\n\t\t<div class=\"elementor-element elementor-element-c7c533d e-flex e-con-boxed e-con e-parent\" data-id=\"c7c533d\" data-element_type=\"container\" data-e-type=\"container\">\n\t\t\t\t\t<div class=\"e-con-inner\">\n\t\t\t\t<div class=\"elementor-element elementor-element-b8ba4fe elementor-widget-divider--view-line elementor-widget elementor-widget-divider\" data-id=\"b8ba4fe\" data-element_type=\"widget\" data-e-type=\"widget\" data-widget_type=\"divider.default\">\n\t\t\t\t\t\t\t<div class=\"elementor-divider\">\n\t\t\t<span class=\"elementor-divider-separator\">\n\t\t\t\t\t\t<\/span>\n\t\t<\/div>\n\t\t\t\t\t\t<\/div>\n\t\t\t\t\t<\/div>\n\t\t\t\t<\/div>\n\t\t<div class=\"elementor-element elementor-element-bd8cd1a e-flex e-con-boxed e-con e-parent\" data-id=\"bd8cd1a\" data-element_type=\"container\" data-e-type=\"container\">\n\t\t\t\t\t<div class=\"e-con-inner\">\n\t\t\t\t<div class=\"elementor-element elementor-element-7aa78a4 elementor-widget elementor-widget-heading\" data-id=\"7aa78a4\" data-element_type=\"widget\" data-e-type=\"widget\" data-widget_type=\"heading.default\">\n\t\t\t\t\t<h2 class=\"elementor-heading-title elementor-size-default\">Canal do Seu Neto na m\u00eddia<\/h2>\t\t\t\t<\/div>\n\t\t\t\t\t<\/div>\n\t\t\t\t<\/div>\n\t\t<div class=\"elementor-element elementor-element-6fb919e e-flex e-con-boxed e-con e-parent\" data-id=\"6fb919e\" data-element_type=\"container\" data-e-type=\"container\">\n\t\t\t\t\t<div class=\"e-con-inner\">\n\t\t\t\t<div class=\"elementor-element elementor-element-132ea51 elementor-widget elementor-widget-text-editor\" data-id=\"132ea51\" data-element_type=\"widget\" data-e-type=\"widget\" data-widget_type=\"text-editor.default\">\n\t\t\t\t\t\t\t\t\t<p style=\"text-align: center;\"><strong>Sindilegis Org:<\/strong><br \/><span style=\"text-decoration: underline;\"><a href=\"https:\/\/sindilegis.org.br\/ficaadica-ficaemcasa-canal-no-youtube-ensina-avos-e-avos-a-utilizarem-a-internet\/\" target=\"_blank\" rel=\"noopener\">#FicaADica, #FicaEmCasa Canal no YouTube ensina av\u00f3s e av\u00f4s a utilizarem a internet<\/a><\/span><\/p><p style=\"text-align: center;\"><strong>TV Aparecida:<\/strong><br \/><span style=\"text-decoration: underline;\"><a href=\"https:\/\/www.youtube.com\/watch?v=gxh4VkGPbnA\" target=\"_blank\" rel=\"noopener\">https:\/\/www.youtube.com\/watch?v=gxh4VkGPbnA<\/a><\/span><\/p><p style=\"text-align: center;\"><strong>Rede Longevidade:<\/strong><br \/><span style=\"text-decoration: underline;\"><a href=\"https:\/\/redelongevidade.org.br\/60\/vida-inova\/canal-no-youtube-ensina-os-maduros-a-utilizarem-celular-e-internet\/\" target=\"_blank\" rel=\"noopener\">https:\/\/redelongevidade.org.br\/60\/vida-inova\/canal-no-youtube-ensina-os-maduros-a-utilizarem-celular-e-internet\/<\/a><\/span><\/p><p style=\"text-align: center;\"><strong>Al\u00f4 Bahia:<\/strong><br \/><span style=\"text-decoration: underline;\"><a href=\"https:\/\/aloalobahia.com\/notas\/canal-no-youtube-auxilia-idosos-a-usarem-as-redes-sociais\" target=\"_blank\" rel=\"noopener\">https:\/\/aloalobahia.com\/notas\/canal-no-youtube-auxilia-idosos-a-usarem-as-redes-sociais<\/a><\/span><\/p>\t\t\t\t\t\t\t\t<\/div>\n\t\t\t\t\t<\/div>\n\t\t\t\t<\/div>\n\t\t<div class=\"elementor-element elementor-element-8961266 e-flex e-con-boxed e-con e-parent\" data-id=\"8961266\" data-element_type=\"container\" data-e-type=\"container\">\n\t\t\t\t\t<div class=\"e-con-inner\">\n\t\t\t\t<div class=\"elementor-element elementor-element-bdd2133 elementor-widget-divider--view-line elementor-widget elementor-widget-divider\" data-id=\"bdd2133\" data-element_type=\"widget\" data-e-type=\"widget\" data-widget_type=\"divider.default\">\n\t\t\t\t\t\t\t<div class=\"elementor-divider\">\n\t\t\t<span class=\"elementor-divider-separator\">\n\t\t\t\t\t\t<\/span>\n\t\t<\/div>\n\t\t\t\t\t\t<\/div>\n\t\t\t\t\t<\/div>\n\t\t\t\t<\/div>\n\t\t\t\t<\/div>\n\t\t","protected":false},"excerpt":{"rendered":"","protected":false},"author":1,"featured_media":0,"parent":0,"menu_order":0,"comment_status":"closed","ping_status":"closed","template":"elementor_canvas","meta":{"footnotes":""},"class_list":["post-743","page","type-page","status-publish","hentry"],"_links":{"self":[{"href":"https:\/\/canaldoseuneto.com.br\/index.php?rest_route=\/wp\/v2\/pages\/743","targetHints":{"allow":["GET"]}}],"collection":[{"href":"https:\/\/canaldoseuneto.com.br\/index.php?rest_route=\/wp\/v2\/pages"}],"about":[{"href":"https:\/\/canaldoseuneto.com.br\/index.php?rest_route=\/wp\/v2\/types\/page"}],"author":[{"embeddable":true,"href":"https:\/\/canaldoseuneto.com.br\/index.php?rest_route=\/wp\/v2\/users\/1"}],"replies":[{"embeddable":true,"href":"https:\/\/canaldoseuneto.com.br\/index.php?rest_route=%2Fwp%2Fv2%2Fcomments&post=743"}],"version-history":[{"count":9,"href":"https:\/\/canaldoseuneto.com.br\/index.php?rest_route=\/wp\/v2\/pages\/743\/revisions"}],"predecessor-version":[{"id":759,"href":"https:\/\/canaldoseuneto.com.br\/index.php?rest_route=\/wp\/v2\/pages\/743\/revisions\/759"}],"wp:attachment":[{"href":"https:\/\/canaldoseuneto.com.br\/index.php?rest_route=%2Fwp%2Fv2%2Fmedia&parent=743"}],"curies":[{"name":"wp","href":"https:\/\/api.w.org\/{rel}","templated":true}]}}